{"id":130,"date":"2015-11-12T13:31:18","date_gmt":"2015-11-12T12:31:18","guid":{"rendered":"http:\/\/www.ggvvsot.se\/?page_id=130"},"modified":"2023-08-23T10:20:13","modified_gmt":"2023-08-23T08:20:13","slug":"personal","status":"publish","type":"page","link":"http:\/\/www.ggvvsot.se\/?page_id=130","title":{"rendered":"Personal"},"content":{"rendered":"<p>[et_pb_section fb_built=&#8221;1&#8243; admin_label=&#8221;section&#8221; _builder_version=&#8221;4.16&#8243; global_colors_info=&#8221;{}&#8221;][et_pb_row admin_label=&#8221;row&#8221; _builder_version=&#8221;4.16&#8243; background_size=&#8221;initial&#8221; background_position=&#8221;top_left&#8221; background_repeat=&#8221;repeat&#8221; global_colors_info=&#8221;{}&#8221;][et_pb_column type=&#8221;4_4&#8243; _builder_version=&#8221;4.16&#8243; custom_padding=&#8221;|||&#8221; global_colors_info=&#8221;{}&#8221; custom_padding__hover=&#8221;|||&#8221;][et_pb_text content_tablet=&#8221;<\/p>\n<p style=%22text-align: center;%22>Vet du vem du s\u00f6ker?<br \/> V\u00e4lkommen att kontakta personen direkt. Om inte, ring 0371-131 80 eller maila till <a href=%22mailto:info@ggvvsot.se%22>info@ggvvsot.se<\/a><\/p>\n<p style=%22text-align: center;%22>Gr\u00f6na V\u00e4gen 27 \u201dg\u00e5rdshus\u201d  332 33 Gislaved.<br \/> Postadress : Box 185 332 24 Gislaved.<\/p>\n<p>&#8221; content_phone=&#8221;<\/p>\n<p style=%22text-align: center;%22>Vet du vem du s\u00f6ker?<br \/> V\u00e4lkommen att kontakta personen direkt.<br \/> Om inte, ring 0371-131 80 eller maila till <a href=%22mailto:info@ggvvsot.se%22>info@ggvvsot.se<\/a><\/p>\n<p style=%22text-align: center;%22>Gr\u00f6na V\u00e4gen 27 \u201dg\u00e5rdshus\u201d  332 33 Gislaved.<br \/> Postadress : Box 185 332 24 Gislaved.<\/p>\n<p>&#8221; content_last_edited=&#8221;on|phone&#8221; _builder_version=&#8221;4.16&#8243; text_font=&#8221;Montserrat||||||||&#8221; text_font_size=&#8221;15px&#8221; background_size=&#8221;initial&#8221; background_position=&#8221;top_left&#8221; background_repeat=&#8221;repeat&#8221; text_font_size_tablet=&#8221;12px&#8221; text_font_size_phone=&#8221;12px&#8221; text_font_size_last_edited=&#8221;on|desktop&#8221; global_colors_info=&#8221;{}&#8221;]<\/p>\n<p style=\"text-align: center;\">Vet du vem du s\u00f6ker?<br \/> V\u00e4lkommen att kontakta personen direkt. Om inte, ring 0371-131 80 eller maila till <a href=\"mailto:info@ggvvsot.se\">info@ggvvsot.se<\/a><\/p>\n<p style=\"text-align: center;\">Gr\u00f6na V\u00e4gen 27 \u201dg\u00e5rdshus\u201d \u00a0332 33 Gislaved.<br \/> Postadress : Box 185\u00a0332 24 Gislaved.<\/p>\n<p>[\/et_pb_text][\/et_pb_column][\/et_pb_row][et_pb_row column_structure=&#8221;1_4,1_4,1_4,1_4&#8243; admin_label=&#8221;row&#8221; _builder_version=&#8221;4.19.5&#8243; background_size=&#8221;initial&#8221; background_position=&#8221;top_left&#8221; background_repeat=&#8221;repeat&#8221; global_colors_info=&#8221;{}&#8221;][et_pb_column type=&#8221;1_4&#8243; _builder_version=&#8221;4.19.5&#8243; _module_preset=&#8221;default&#8221; global_colors_info=&#8221;{}&#8221;][et_pb_team_member name=&#8221;Peter Nord&#8221; position=&#8221;Skorstensfejarm\u00e4stare \/ OVK tekniker&#8221; image_url=&#8221;http:\/\/www.ggvvsot.se\/wp-content\/uploads\/2023\/04\/Peter-2-removebg-preview.png&#8221; admin_label=&#8221;Jerry&#8221; _builder_version=&#8221;4.19.5&#8243; background_size=&#8221;initial&#8221; background_position=&#8221;top_left&#8221; background_repeat=&#8221;repeat&#8221; global_colors_info=&#8221;{}&#8221;]<\/p>\n<p>070-55 33 980<\/p>\n<p>[\/et_pb_team_member][\/et_pb_column][et_pb_column type=&#8221;1_4&#8243; _builder_version=&#8221;4.16&#8243; custom_padding=&#8221;|||&#8221; global_colors_info=&#8221;{}&#8221; custom_padding__hover=&#8221;|||&#8221;][et_pb_team_member name=&#8221;Peter Hansen&#8221; position=&#8221;Skorstensfejartekniker&#8221; image_url=&#8221;http:\/\/www.ggvvsot.se\/wp-content\/uploads\/2023\/04\/2a-removebg-preview-150&#215;150.png&#8221; admin_label=&#8221;Peter hansen&#8221; _builder_version=&#8221;4.19.5&#8243; background_size=&#8221;initial&#8221; background_position=&#8221;top_left&#8221; background_repeat=&#8221;repeat&#8221; text_orientation=&#8221;center&#8221; use_border_color=&#8221;off&#8221; border_color=&#8221;#ffffff&#8221; border_style=&#8221;solid&#8221; global_colors_info=&#8221;{}&#8221;]<\/p>\n<p><span>070-595 52 79<\/span><\/p>\n<p>[\/et_pb_team_member][\/et_pb_column][et_pb_column type=&#8221;1_4&#8243; _builder_version=&#8221;4.16&#8243; custom_padding=&#8221;|||&#8221; global_colors_info=&#8221;{}&#8221; custom_padding__hover=&#8221;|||&#8221;][et_pb_team_member name=&#8221;John Lorenzen&#8221; position=&#8221;Skorstensfejare&#8221; image_url=&#8221;http:\/\/www.ggvvsot.se\/wp-content\/uploads\/2023\/04\/4a-removebg-preview-150&#215;150.png&#8221; admin_label=&#8221;John&#8221; _builder_version=&#8221;4.21.0&#8243; background_size=&#8221;initial&#8221; background_position=&#8221;top_left&#8221; background_repeat=&#8221;repeat&#8221; hover_enabled=&#8221;0&#8243; text_orientation_tablet=&#8221;&#8221; text_orientation_phone=&#8221;center&#8221; text_orientation_last_edited=&#8221;on|phone&#8221; global_colors_info=&#8221;{}&#8221; sticky_enabled=&#8221;0&#8243;]<\/p>\n<p><span>070-595 52 71<\/span><\/p>\n<p>[\/et_pb_team_member][\/et_pb_column][et_pb_column type=&#8221;1_4&#8243; _builder_version=&#8221;4.16&#8243; custom_padding=&#8221;|||&#8221; global_colors_info=&#8221;{}&#8221; custom_padding__hover=&#8221;|||&#8221;][et_pb_team_member name=&#8221;Jesper Ling&#8221; position=&#8221;Skorstensfejare&#8221; image_url=&#8221;http:\/\/www.ggvvsot.se\/wp-content\/uploads\/2023\/04\/GGVVSot-Jesper-removebg-preview-150&#215;150.png&#8221; admin_label=&#8221;Stefan&#8221; _builder_version=&#8221;4.19.5&#8243; background_size=&#8221;initial&#8221; background_position=&#8221;top_left&#8221; background_repeat=&#8221;repeat&#8221; global_colors_info=&#8221;{}&#8221;]<\/p>\n<p>070-595 52 78<\/p>\n<p>[\/et_pb_team_member][\/et_pb_column][\/et_pb_row][\/et_pb_section][et_pb_section fb_built=&#8221;1&#8243; _builder_version=&#8221;4.16&#8243; global_colors_info=&#8221;{}&#8221;][et_pb_row column_structure=&#8221;1_4,1_4,1_4,1_4&#8243; _builder_version=&#8221;4.19.5&#8243; global_colors_info=&#8221;{}&#8221;][et_pb_column type=&#8221;1_4&#8243; _builder_version=&#8221;4.16&#8243; custom_padding=&#8221;|||&#8221; global_colors_info=&#8221;{}&#8221; custom_padding__hover=&#8221;|||&#8221;][et_pb_team_member name=&#8221;Jerry Petersson&#8221; image_url=&#8221;http:\/\/www.ggvvsot.se\/wp-content\/uploads\/2023\/04\/sodapdf-converted-removebg-preview-150&#215;150.png&#8221; admin_label=&#8221;Jerry&#8221; _builder_version=&#8221;4.19.5&#8243; background_size=&#8221;initial&#8221; background_position=&#8221;top_left&#8221; background_repeat=&#8221;repeat&#8221; global_colors_info=&#8221;{}&#8221;]<\/p>\n<p>OVK tekniker<\/p>\n<p>[\/et_pb_team_member][\/et_pb_column][et_pb_column type=&#8221;1_4&#8243; _builder_version=&#8221;4.19.5&#8243; _module_preset=&#8221;default&#8221; global_colors_info=&#8221;{}&#8221;][et_pb_team_member name=&#8221;Thomas Bengtsson&#8221; position=&#8221;Skorstensfejartekniker&#8221; image_url=&#8221;http:\/\/www.ggvvsot.se\/wp-content\/uploads\/2023\/04\/IMG_90662-e1448235045989-removebg-preview-150&#215;150.png&#8221; admin_label=&#8221;Tomas&#8221; _builder_version=&#8221;4.19.5&#8243; background_size=&#8221;initial&#8221; background_position=&#8221;top_left&#8221; background_repeat=&#8221;repeat&#8221; global_colors_info=&#8221;{}&#8221;]<\/p>\n<p>070-353 44 03<\/p>\n<p>[\/et_pb_team_member][\/et_pb_column][et_pb_column type=&#8221;1_4&#8243; _builder_version=&#8221;4.16&#8243; custom_padding=&#8221;|||&#8221; global_colors_info=&#8221;{}&#8221; custom_padding__hover=&#8221;|||&#8221;][et_pb_team_member name=&#8221;\u00c5sa Lagnemar&#8221; position=&#8221; Administrat\u00f6r&#8221; image_url=&#8221;http:\/\/www.ggvvsot.se\/wp-content\/uploads\/2023\/04\/Asa-1024&#215;705-removebg-preview-300&#215;206.png&#8221; admin_label=&#8221;Jerry&#8221; _builder_version=&#8221;4.19.5&#8243; background_size=&#8221;initial&#8221; background_position=&#8221;top_left&#8221; background_repeat=&#8221;repeat&#8221; transform_scale=&#8221;107%|107%&#8221; width=&#8221;100%&#8221; max_width=&#8221;100%&#8221; global_colors_info=&#8221;{}&#8221;]<\/p>\n<p>070-6183363<\/p>\n<p>[\/et_pb_team_member][\/et_pb_column][et_pb_column type=&#8221;1_4&#8243; _builder_version=&#8221;4.16&#8243; custom_padding=&#8221;|||&#8221; global_colors_info=&#8221;{}&#8221; custom_padding__hover=&#8221;|||&#8221;][\/et_pb_column][\/et_pb_row][\/et_pb_section][et_pb_section fb_built=&#8221;1&#8243; _builder_version=&#8221;4.16&#8243; _module_preset=&#8221;default&#8221; global_colors_info=&#8221;{}&#8221;][et_pb_row _builder_version=&#8221;4.16&#8243; _module_preset=&#8221;default&#8221; global_colors_info=&#8221;{}&#8221;][et_pb_column type=&#8221;4_4&#8243; _builder_version=&#8221;4.16&#8243; _module_preset=&#8221;default&#8221; global_colors_info=&#8221;{}&#8221;][et_pb_divider show_divider=&#8221;off&#8221; _builder_version=&#8221;4.16&#8243; _module_preset=&#8221;default&#8221; custom_margin=&#8221;49px||||false|false&#8221; global_colors_info=&#8221;{}&#8221;][\/et_pb_divider][\/et_pb_column][\/et_pb_row][\/et_pb_section]<\/p>\n","protected":false},"excerpt":{"rendered":"<p>Vet du vem du s\u00f6ker? V\u00e4lkommen att kontakta personen direkt. Om inte, ring 0371-131 80 eller maila till info@ggvvsot.se Gr\u00f6na V\u00e4gen 27 \u201dg\u00e5rdshus\u201d \u00a0332 33 Gislaved. Postadress : Box 185\u00a0332 24 Gislaved.070-55 33 980070-595 52 79070-595 52 71070-595 52 78OVK tekniker070-353 44 03070-6183363<\/p>\n","protected":false},"author":5,"featured_media":0,"parent":0,"menu_order":0,"comment_status":"closed","ping_status":"closed","template":"","meta":{"_et_pb_use_builder":"on","_et_pb_old_content":"","_et_gb_content_width":"","om_disable_all_campaigns":false,"footnotes":""},"class_list":["post-130","page","type-page","status-publish","hentry"],"_links":{"self":[{"href":"http:\/\/www.ggvvsot.se\/index.php?rest_route=\/wp\/v2\/pages\/130","targetHints":{"allow":["GET"]}}],"collection":[{"href":"http:\/\/www.ggvvsot.se\/index.php?rest_route=\/wp\/v2\/pages"}],"about":[{"href":"http:\/\/www.ggvvsot.se\/index.php?rest_route=\/wp\/v2\/types\/page"}],"author":[{"embeddable":true,"href":"http:\/\/www.ggvvsot.se\/index.php?rest_route=\/wp\/v2\/users\/5"}],"replies":[{"embeddable":true,"href":"http:\/\/www.ggvvsot.se\/index.php?rest_route=%2Fwp%2Fv2%2Fcomments&post=130"}],"version-history":[{"count":33,"href":"http:\/\/www.ggvvsot.se\/index.php?rest_route=\/wp\/v2\/pages\/130\/revisions"}],"predecessor-version":[{"id":30837,"href":"http:\/\/www.ggvvsot.se\/index.php?rest_route=\/wp\/v2\/pages\/130\/revisions\/30837"}],"wp:attachment":[{"href":"http:\/\/www.ggvvsot.se\/index.php?rest_route=%2Fwp%2Fv2%2Fmedia&parent=130"}],"curies":[{"name":"wp","href":"https:\/\/api.w.org\/{rel}","templated":true}]}}